{"id":1203,"date":"2024-12-31T05:20:07","date_gmt":"2024-12-31T05:20:07","guid":{"rendered":"https:\/\/jisungft.com\/?page_id=1203"},"modified":"2025-01-08T01:07:24","modified_gmt":"2025-01-08T01:07:24","slug":"%ec%9d%b8%ec%82%ac%eb%a7%90-2-3-2","status":"publish","type":"page","link":"https:\/\/jisungft.com\/?page_id=1203","title":{"rendered":"PVD"},"content":{"rendered":"\t\t<div data-elementor-type=\"wp-page\" data-elementor-id=\"1203\" class=\"elementor elementor-1203\">\n\t\t\t\t<div class=\"elementor-element elementor-element-738cfc24 e-flex e-con-boxed jltma-glass-effect-no e-con e-parent\" data-id=\"738cfc24\" data-element_type=\"container\" data-e-type=\"container\">\n\t\t\t\t\t<div class=\"e-con-inner\">\n\t\t\t\t<div class=\"elementor-element elementor-element-551a1885 jltma-glass-effect-no elementor-widget elementor-widget-text-editor\" data-id=\"551a1885\" data-element_type=\"widget\" data-e-type=\"widget\" data-widget_type=\"text-editor.default\">\n\t\t\t\t\t\t\t\t\t<div class=\"wp-block-cover alignfull is-light\"><h2 data-wp-editing=\"1\"><img fetchpriority=\"high\" decoding=\"async\" class=\"alignnone wp-image-1123 size-full\" src=\"http:\/\/jisungft.com\/wp-content\/uploads\/2024\/12\/\ud398\uc774\uc9c0-2-\ud5e4\ub354.png\" alt=\"\" width=\"2400\" height=\"500\" srcset=\"https:\/\/jisungft.com\/wp-content\/uploads\/2024\/12\/\ud398\uc774\uc9c0-2-\ud5e4\ub354.png 2400w, https:\/\/jisungft.com\/wp-content\/uploads\/2024\/12\/\ud398\uc774\uc9c0-2-\ud5e4\ub354-300x63.png 300w, https:\/\/jisungft.com\/wp-content\/uploads\/2024\/12\/\ud398\uc774\uc9c0-2-\ud5e4\ub354-1024x213.png 1024w, https:\/\/jisungft.com\/wp-content\/uploads\/2024\/12\/\ud398\uc774\uc9c0-2-\ud5e4\ub354-768x160.png 768w, https:\/\/jisungft.com\/wp-content\/uploads\/2024\/12\/\ud398\uc774\uc9c0-2-\ud5e4\ub354-1536x320.png 1536w, https:\/\/jisungft.com\/wp-content\/uploads\/2024\/12\/\ud398\uc774\uc9c0-2-\ud5e4\ub354-2048x427.png 2048w\" sizes=\"(max-width: 2400px) 100vw, 2400px\" \/><\/h2><\/div><p><!-- \/wp:paragraph --><\/p>\t\t\t\t\t\t\t\t<\/div>\n\t\t\t\t\t<\/div>\n\t\t\t\t<\/div>\n\t\t<div class=\"elementor-element elementor-element-ca90183 e-con-full e-flex jltma-glass-effect-no e-con e-parent\" data-id=\"ca90183\" data-element_type=\"container\" data-e-type=\"container\" data-settings=\"{&quot;background_background&quot;:&quot;classic&quot;}\">\n\t\t\t\t<div class=\"elementor-element elementor-element-f0fc260 jltma-glass-effect-no elementor-widget elementor-widget-heading\" data-id=\"f0fc260\" data-element_type=\"widget\" data-e-type=\"widget\" data-widget_type=\"heading.default\">\n\t\t\t\t\t<h2 class=\"elementor-heading-title elementor-size-default\">\u2b1c PVD System<\/h2>\t\t\t\t<\/div>\n\t\t\t\t<\/div>\n\t\t<div class=\"elementor-element elementor-element-5492304 e-flex e-con-boxed jltma-glass-effect-no e-con e-parent\" data-id=\"5492304\" data-element_type=\"container\" data-e-type=\"container\">\n\t\t\t\t\t<div class=\"e-con-inner\">\n\t\t\t\t<div class=\"elementor-element elementor-element-8d5dff9 jltma-glass-effect-no elementor-widget elementor-widget-spacer\" data-id=\"8d5dff9\" data-element_type=\"widget\" data-e-type=\"widget\" data-widget_type=\"spacer.default\">\n\t\t\t\t\t\t\t<div class=\"elementor-spacer\">\n\t\t\t<div class=\"elementor-spacer-inner\"><\/div>\n\t\t<\/div>\n\t\t\t\t\t\t<\/div>\n\t\t\t\t\t<\/div>\n\t\t\t\t<\/div>\n\t\t<div class=\"elementor-element elementor-element-ddc14fe e-con-full e-flex jltma-glass-effect-no e-con e-parent\" data-id=\"ddc14fe\" data-element_type=\"container\" data-e-type=\"container\" data-settings=\"{&quot;background_background&quot;:&quot;classic&quot;}\">\n\t\t<div class=\"elementor-element elementor-element-ae4b0c1 e-con-full e-flex jltma-glass-effect-no e-con e-child\" data-id=\"ae4b0c1\" data-element_type=\"container\" data-e-type=\"container\">\n\t\t\t\t<div class=\"elementor-element elementor-element-509d084 jltma-glass-effect-no elementor-widget elementor-widget-image\" data-id=\"509d084\" data-element_type=\"widget\" data-e-type=\"widget\" data-widget_type=\"image.default\">\n\t\t\t\t\t\t\t\t\t\t\t\t\t\t\t<img decoding=\"async\" width=\"1000\" height=\"1000\" src=\"https:\/\/jisungft.com\/wp-content\/uploads\/2024\/12\/Hybrid-System-2.gif\" class=\"attachment-large size-large wp-image-894\" alt=\"\" \/>\t\t\t\t\t\t\t\t\t\t\t\t\t\t\t<\/div>\n\t\t\t\t<\/div>\n\t\t<div class=\"elementor-element elementor-element-d890324 e-con-full e-flex jltma-glass-effect-no e-con e-child\" data-id=\"d890324\" data-element_type=\"container\" data-e-type=\"container\">\n\t\t\t\t<div class=\"elementor-element elementor-element-6a650dc jltma-glass-effect-no elementor-widget elementor-widget-elementskit-heading\" data-id=\"6a650dc\" data-element_type=\"widget\" data-e-type=\"widget\" data-widget_type=\"elementskit-heading.default\">\n\t\t\t\t\t<div class=\"ekit-wid-con\" ><div class=\"ekit-heading elementskit-section-title-wraper text_left   ekit_heading_tablet-   ekit_heading_mobile-center\"><h3 class=\"elementskit-section-subtitle  \">\n\t\t\t\t\t\tHybrid\n\t\t\t\t\t<\/h3><h2 class=\"ekit-heading--title elementskit-section-title \">PVD System<\/h2><\/div><\/div>\t\t\t\t<\/div>\n\t\t\t\t<div class=\"elementor-element elementor-element-5af2c7d jltma-glass-effect-no elementor-widget elementor-widget-elementskit-heading\" data-id=\"5af2c7d\" data-element_type=\"widget\" data-e-type=\"widget\" data-widget_type=\"elementskit-heading.default\">\n\t\t\t\t\t<div class=\"ekit-wid-con\" ><div class=\"ekit-heading elementskit-section-title-wraper    ekit_heading_tablet-   ekit_heading_mobile-\"><h2 class=\"ekit-heading--title elementskit-section-title \">Specification<\/h2>\t\t\t\t<div class='ekit-heading__description'>\n\t\t\t\t\t<ul>\n<li>Coating Area : \u00d8300mm with 8Axis Planetary<\/li>\n<li>Sputter Source : 2set of 3inch Metal Coating<\/li>\n<li>Sputtering Ion Source : \u00d860 Kaufman Source<\/li>\n<li>Reactive Ion Source : \u00d860 Anode Source<\/li>\n<li>Uniformity : \u226410% @ \u00d8600mm<\/li>\n<li>Possible to Metal &amp; DLC Deposition<\/li>\n<li>Mass Production for DLC Deposition<\/li>\n<\/ul>\n\t\t\t\t<\/div>\n\t\t\t<\/div><\/div>\t\t\t\t<\/div>\n\t\t\t\t<div class=\"elementor-element elementor-element-3b5c4a1 jltma-glass-effect-no elementor-widget elementor-widget-elementskit-heading\" data-id=\"3b5c4a1\" data-element_type=\"widget\" data-e-type=\"widget\" data-widget_type=\"elementskit-heading.default\">\n\t\t\t\t\t<div class=\"ekit-wid-con\" ><div class=\"ekit-heading elementskit-section-title-wraper    ekit_heading_tablet-   ekit_heading_mobile-\"><h2 class=\"ekit-heading--title elementskit-section-title \">Configuration<\/h2>\t\t\t\t<div class='ekit-heading__description'>\n\t\t\t\t\t<p><img decoding=\"async\" class=\"alignnone wp-image-899 size-thumbnail\" src=\"http:\/\/jisungft.com\/wp-content\/uploads\/2024\/12\/Sputter-150x150.gif\" alt=\"\" width=\"150\" height=\"150\" srcset=\"https:\/\/jisungft.com\/wp-content\/uploads\/2024\/12\/Sputter-150x150.gif 150w, https:\/\/jisungft.com\/wp-content\/uploads\/2024\/12\/Sputter-300x300.gif 300w, https:\/\/jisungft.com\/wp-content\/uploads\/2024\/12\/Sputter-768x768.gif 768w\" sizes=\"(max-width: 150px) 100vw, 150px\" \/> <img loading=\"lazy\" decoding=\"async\" class=\"alignnone wp-image-900 size-thumbnail\" src=\"http:\/\/jisungft.com\/wp-content\/uploads\/2024\/12\/Ion-Beam-4-150x150.png\" alt=\"\" width=\"150\" height=\"150\" srcset=\"https:\/\/jisungft.com\/wp-content\/uploads\/2024\/12\/Ion-Beam-4-150x150.png 150w, https:\/\/jisungft.com\/wp-content\/uploads\/2024\/12\/Ion-Beam-4-300x300.png 300w, https:\/\/jisungft.com\/wp-content\/uploads\/2024\/12\/Ion-Beam-4-768x768.png 768w, https:\/\/jisungft.com\/wp-content\/uploads\/2024\/12\/Ion-Beam-4.png 800w\" sizes=\"(max-width: 150px) 100vw, 150px\" \/> <img loading=\"lazy\" decoding=\"async\" class=\"alignnone wp-image-898 size-thumbnail\" src=\"http:\/\/jisungft.com\/wp-content\/uploads\/2024\/12\/Anode-1-1-e1735393097492-150x150.gif\" alt=\"\" width=\"150\" height=\"150\" srcset=\"https:\/\/jisungft.com\/wp-content\/uploads\/2024\/12\/Anode-1-1-e1735393097492-150x150.gif 150w, https:\/\/jisungft.com\/wp-content\/uploads\/2024\/12\/Anode-1-1-e1735393097492-300x300.gif 300w, https:\/\/jisungft.com\/wp-content\/uploads\/2024\/12\/Anode-1-1-e1735393097492-768x768.gif 768w\" sizes=\"(max-width: 150px) 100vw, 150px\" \/><\/p>\n\t\t\t\t<\/div>\n\t\t\t<\/div><\/div>\t\t\t\t<\/div>\n\t\t\t\t<\/div>\n\t\t\t\t<\/div>\n\t\t<div class=\"elementor-element elementor-element-728face e-flex e-con-boxed jltma-glass-effect-no e-con e-parent\" data-id=\"728face\" data-element_type=\"container\" data-e-type=\"container\">\n\t\t\t\t\t<div class=\"e-con-inner\">\n\t\t\t\t<div class=\"elementor-element elementor-element-5b54742 jltma-glass-effect-no elementor-widget elementor-widget-spacer\" data-id=\"5b54742\" data-element_type=\"widget\" data-e-type=\"widget\" data-widget_type=\"spacer.default\">\n\t\t\t\t\t\t\t<div class=\"elementor-spacer\">\n\t\t\t<div class=\"elementor-spacer-inner\"><\/div>\n\t\t<\/div>\n\t\t\t\t\t\t<\/div>\n\t\t\t\t\t<\/div>\n\t\t\t\t<\/div>\n\t\t\t\t<\/div>\n\t\t","protected":false},"excerpt":{"rendered":"<p>\u2b1c PVD System Hybrid PVD System Specification Coating Area : \u00d8300mm with 8Axis Planetary Sputter Source : 2set of 3inch Metal Coating Sputtering Ion Source : \u00d860 Kaufman Source Reactive Ion Source : \u00d860 Anode Source Uniformity : \u226410% @ \u00d8600mm Possible to Metal &amp; DLC Deposition Mass Production for DLC Deposition Configuration<\/p>\n","protected":false},"author":1,"featured_media":0,"parent":0,"menu_order":0,"comment_status":"closed","ping_status":"closed","template":"","meta":{"_eb_attr":"","neve_meta_sidebar":"","neve_meta_container":"contained","neve_meta_enable_content_width":"on","neve_meta_content_width":100,"neve_meta_title_alignment":"","neve_meta_author_avatar":"","neve_post_elements_order":"","neve_meta_disable_header":"","neve_meta_disable_footer":"","neve_meta_disable_title":"on","_themeisle_gutenberg_block_has_review":false,"footnotes":""},"class_list":["post-1203","page","type-page","status-publish","hentry"],"_links":{"self":[{"href":"https:\/\/jisungft.com\/index.php?rest_route=\/wp\/v2\/pages\/1203","targetHints":{"allow":["GET"]}}],"collection":[{"href":"https:\/\/jisungft.com\/index.php?rest_route=\/wp\/v2\/pages"}],"about":[{"href":"https:\/\/jisungft.com\/index.php?rest_route=\/wp\/v2\/types\/page"}],"author":[{"embeddable":true,"href":"https:\/\/jisungft.com\/index.php?rest_route=\/wp\/v2\/users\/1"}],"replies":[{"embeddable":true,"href":"https:\/\/jisungft.com\/index.php?rest_route=%2Fwp%2Fv2%2Fcomments&post=1203"}],"version-history":[{"count":7,"href":"https:\/\/jisungft.com\/index.php?rest_route=\/wp\/v2\/pages\/1203\/revisions"}],"predecessor-version":[{"id":1396,"href":"https:\/\/jisungft.com\/index.php?rest_route=\/wp\/v2\/pages\/1203\/revisions\/1396"}],"wp:attachment":[{"href":"https:\/\/jisungft.com\/index.php?rest_route=%2Fwp%2Fv2%2Fmedia&parent=1203"}],"curies":[{"name":"wp","href":"https:\/\/api.w.org\/{rel}","templated":true}]}}